{"id":261,"date":"2026-02-10T08:19:58","date_gmt":"2026-02-10T08:19:58","guid":{"rendered":"https:\/\/isbm-blow-molding.com\/?page_id=261"},"modified":"2026-04-24T05:42:12","modified_gmt":"2026-04-24T05:42:12","slug":"about-us","status":"publish","type":"page","link":"https:\/\/isbm-blow-molding.com\/fi\/about-us\/","title":{"rendered":"Tietoa meist\u00e4"},"content":{"rendered":"<p>[et_pb_section fb_built=&#8221;1&#8243; admin_label=&#8221;Header&#8221; _builder_version=&#8221;4.27.2&#8243; _module_preset=&#8221;default&#8221; background_color=&#8221;gcid-e787f6e4-87be-4325-83ae-4380ef468485&#8243; background_image=&#8221;https:\/\/isbm-blow-molding.com\/wp-content\/uploads\/2026\/02\/factory-1.webp&#8221; collapsed=&#8221;on&#8221; global_colors_info=&#8221;{%22gcid-e787f6e4-87be-4325-83ae-4380ef468485%22:%91%22background_color%22%93}&#8221;][et_pb_row _builder_version=&#8221;4.27.2&#8243; _module_preset=&#8221;default&#8221; custom_margin=&#8221;120px||120px||true|false&#8221; global_colors_info=&#8221;{}&#8221;][et_pb_column type=&#8221;4_4&#8243; _builder_version=&#8221;4.21.0&#8243; _module_preset=&#8221;default&#8221; global_colors_info=&#8221;{}&#8221;][et_pb_text _builder_version=&#8221;4.27.2&#8243; _module_preset=&#8221;02ee1264-944d-44fe-880d-eb7713c98c5a&#8221; header_font=&#8221;Playfair Display|700||on|||||&#8221; header_text_color=&#8221;#FFFFFF&#8221; header_text_shadow_style=&#8221;preset2&#8243; header_text_shadow_color=&#8221;#000000&#8243; locked=&#8221;off&#8221; global_colors_info=&#8221;{}&#8221;]<\/p>\n<h1>Tietoa meist\u00e4<\/h1>\n<p>[\/et_pb_text][et_pb_text _builder_version=&#8221;4.27.2&#8243; _module_preset=&#8221;b53e328b-fc87-4e7c-84dd-59bd68ef925a&#8221; header_2_font=&#8221;Playfair Display|700|||||||&#8221; header_2_text_color=&#8221;#FFFFFF&#8221; width=&#8221;50%&#8221; header_2_text_shadow_style=&#8221;preset1&#8243; header_2_text_shadow_color=&#8221;#000000&#8243; locked=&#8221;off&#8221; global_colors_info=&#8221;{}&#8221;]<\/p>\n<h2>Ruiskutuspuhallusmuovausteknologian tulevaisuuden edell\u00e4k\u00e4vij\u00e4<\/h2>\n<p>[\/et_pb_text][\/et_pb_column][\/et_pb_row][\/et_pb_section][et_pb_section fb_built=&#8221;1&#8243; admin_label=&#8221;Feature&#8221; _builder_version=&#8221;4.21.0&#8243; _module_preset=&#8221;default&#8221; background_enable_color=&#8221;off&#8221; locked=&#8221;off&#8221; collapsed=&#8221;on&#8221; global_colors_info=&#8221;{}&#8221;][et_pb_row column_structure=&#8221;1_2,1_2&#8243; _builder_version=&#8221;4.21.0&#8243; _module_preset=&#8221;default&#8221; global_colors_info=&#8221;{}&#8221;][et_pb_column type=&#8221;1_2&#8243; _builder_version=&#8221;4.21.0&#8243; _module_preset=&#8221;default&#8221; global_colors_info=&#8221;{}&#8221;][et_pb_image src=&#8221;https:\/\/isbm-blow-molding.com\/wp-content\/uploads\/2026\/02\/factory-2.webp&#8221; alt=&#8221;factory-2&#8243; title_text=&#8221;factory-2&#8243; _builder_version=&#8221;4.27.2&#8243; _module_preset=&#8221;default&#8221; global_colors_info=&#8221;{}&#8221;][\/et_pb_image][et_pb_image src=&#8221;https:\/\/isbm-blow-molding.com\/wp-content\/uploads\/2026\/02\/factory-5.webp&#8221; alt=&#8221;factory-5&#8243; title_text=&#8221;factory-5&#8243; align=&#8221;right&#8221; _builder_version=&#8221;4.27.2&#8243; _module_preset=&#8221;default&#8221; width=&#8221;50%&#8221; custom_margin=&#8221;-30%|30px|||false|false&#8221; box_shadow_style=&#8221;preset7&#8243; box_shadow_color=&#8221;#FFFFFF&#8221; global_colors_info=&#8221;{}&#8221;][\/et_pb_image][et_pb_text _builder_version=&#8221;4.27.2&#8243; _module_preset=&#8221;default&#8221; header_3_font=&#8221;Playfair Display|700|||||||&#8221; header_3_font_size=&#8221;30px&#8221; background_color=&#8221;#FFFFFF&#8221; header_3_text_shadow_style=&#8221;preset2&#8243; global_colors_info=&#8221;{}&#8221;]<\/p>\n<h3>Ydinarvot<\/h3>\n<p>[\/et_pb_text][et_pb_text _builder_version=&#8221;4.27.2&#8243; _module_preset=&#8221;default&#8221; text_font=&#8221;Playfair Display||||||||&#8221; text_font_size=&#8221;30px&#8221; background_color=&#8221;#D6D6D6&#8243; custom_margin=&#8221;||2px|||&#8221; global_colors_info=&#8221;{}&#8221;]<\/p>\n<ul>\n<li data-start=\"3052\" data-end=\"3064\">\n<p data-start=\"3054\" data-end=\"3064\">Innovaatio<\/p>\n<\/li>\n<\/ul>\n<p>[\/et_pb_text][et_pb_text _builder_version=&#8221;4.27.2&#8243; _module_preset=&#8221;default&#8221; text_font=&#8221;Playfair Display||||||||&#8221; text_text_color=&#8221;#D6D6D6&#8243; text_font_size=&#8221;30px&#8221; background_color=&#8221;#8F8F8F&#8221; custom_margin=&#8221;||1px|||&#8221; global_colors_info=&#8221;{}&#8221;]<\/p>\n<ul>\n<li data-start=\"3052\" data-end=\"3064\">Laatu<\/li>\n<\/ul>\n<p>[\/et_pb_text][et_pb_text _builder_version=&#8221;4.27.2&#8243; _module_preset=&#8221;default&#8221; text_font=&#8221;Playfair Display||||||||&#8221; text_text_color=&#8221;#B3B3B3&#8243; text_font_size=&#8221;30px&#8221; background_color=&#8221;#6B6B6B&#8221; custom_margin=&#8221;||-2px|||&#8221; global_colors_info=&#8221;{}&#8221;]<\/p>\n<ul>\n<li data-start=\"3052\" data-end=\"3064\">\n<p data-start=\"3054\" data-end=\"3064\">Kest\u00e4v\u00e4 kehitys<\/p>\n<\/li>\n<\/ul>\n<p>[\/et_pb_text][et_pb_text _builder_version=&#8221;4.27.2&#8243; _module_preset=&#8221;default&#8221; text_font=&#8221;Playfair Display||||||||&#8221; text_text_color=&#8221;#D6D6D6&#8243; text_font_size=&#8221;30px&#8221; background_color=&#8221;#474747&#8243; custom_padding=&#8221;7px|||||&#8221; global_colors_info=&#8221;{}&#8221;]<\/p>\n<ul>\n<li data-start=\"3052\" data-end=\"3064\">\n<p data-start=\"3054\" data-end=\"3064\">Asiakastyytyv\u00e4isyys<\/p>\n<\/li>\n<\/ul>\n<p>[\/et_pb_text][\/et_pb_column][et_pb_column type=&#8221;1_2&#8243; _builder_version=&#8221;4.21.0&#8243; _module_preset=&#8221;default&#8221; global_colors_info=&#8221;{}&#8221;][et_pb_text _builder_version=&#8221;4.27.2&#8243; _module_preset=&#8221;f346a940-31b1-418a-b7a2-866352e0c5e3&#8243; header_2_font=&#8221;Playfair Display|700|||||||&#8221; header_2_text_shadow_style=&#8221;preset1&#8243; locked=&#8221;off&#8221; global_colors_info=&#8221;{}&#8221;]<\/p>\n<h2>Missiomme \u2013 Innovaatiota ja huippuosaamista ISBM-teknologiassa<\/h2>\n<p>[\/et_pb_text][et_pb_text _builder_version=&#8221;4.27.2&#8243; _module_preset=&#8221;b53e328b-fc87-4e7c-84dd-59bd68ef925a&#8221; text_font=&#8221;Urbanist||||||||&#8221; locked=&#8221;off&#8221; global_colors_info=&#8221;{}&#8221;]<\/p>\n<p>Korea Ever-Power Injection Stretch Blow Moulding Machine Co., Ltd. on uraauurtava yritys, joka on sitoutunut tarjoamaan korkealaatuisia ja energiatehokkaita ISBM (Injection Stretch Blow Moulding) -koneita. Yrityksemme perustettiin mullistamaan pakkausteollisuus, ja olemme erikoistuneet valmistamaan luotettavia ja tehokkaita koneita, jotka vastaavat maailmanlaajuisten pakkausmarkkinoiden vaatimuksiin. Teknologiamme on suunniteltu tarjoamaan valmistajille kustannustehokkaita, energiatehokkaita ja eritt\u00e4in tarkkoja ratkaisuja monenlaisten muovis\u00e4ili\u00f6iden valmistukseen.<\/p>\n<p>[\/et_pb_text][et_pb_image src=&#8221;https:\/\/isbm-blow-molding.com\/wp-content\/uploads\/2026\/02\/certificatification-1.png&#8221; alt=&#8221;certificatification-1&#8243; title_text=&#8221;certificatification-1&#8243; _builder_version=&#8221;4.27.2&#8243; _module_preset=&#8221;default&#8221; filter_saturate=&#8221;0%&#8221; global_colors_info=&#8221;{}&#8221;][\/et_pb_image][\/et_pb_column][\/et_pb_row][\/et_pb_section][et_pb_section fb_built=&#8221;1&#8243; admin_label=&#8221;Team&#8221; _builder_version=&#8221;4.27.2&#8243; _module_preset=&#8221;default&#8221; background_enable_color=&#8221;off&#8221; collapsed=&#8221;on&#8221; global_colors_info=&#8221;{}&#8221;][et_pb_row _builder_version=&#8221;4.21.0&#8243; _module_preset=&#8221;default&#8221; global_colors_info=&#8221;{}&#8221;][et_pb_column type=&#8221;4_4&#8243; _builder_version=&#8221;4.21.0&#8243; _module_preset=&#8221;default&#8221; global_colors_info=&#8221;{}&#8221;][et_pb_text _builder_version=&#8221;4.27.2&#8243; _module_preset=&#8221;f346a940-31b1-418a-b7a2-866352e0c5e3&#8243; header_2_font=&#8221;Playfair Display|700|||||||&#8221; text_orientation_tablet=&#8221;center&#8221; text_orientation_phone=&#8221;center&#8221; text_orientation_last_edited=&#8221;on|tablet&#8221; header_2_text_shadow_style=&#8221;preset2&#8243; locked=&#8221;off&#8221; global_colors_info=&#8221;{}&#8221;]<\/p>\n<h2>Miksi valita meid\u00e4t?<\/h2>\n<p>[\/et_pb_text][\/et_pb_column][\/et_pb_row][et_pb_row column_structure=&#8221;1_3,1_3,1_3&#8243; _builder_version=&#8221;4.27.2&#8243; _module_preset=&#8221;default&#8221; global_colors_info=&#8221;{}&#8221;][et_pb_column type=&#8221;1_3&#8243; _builder_version=&#8221;4.27.2&#8243; _module_preset=&#8221;default&#8221; custom_padding=&#8221;20px|20px|20px|20px|true|true&#8221; box_shadow_style=&#8221;preset6&#8243; global_colors_info=&#8221;{}&#8221;][et_pb_text _builder_version=&#8221;4.27.2&#8243; _module_preset=&#8221;default&#8221; header_3_font=&#8221;Playfair Display||||||||&#8221; global_colors_info=&#8221;{}&#8221;]<\/p>\n<h3>Alan asiantuntemus ja edistynyt teknologia<\/h3>\n<p>[\/et_pb_text][et_pb_text _builder_version=&#8221;4.27.2&#8243; _module_preset=&#8221;default&#8221; text_font=&#8221;Urbanist||||||||&#8221; text_font_size=&#8221;18px&#8221; global_colors_info=&#8221;{}&#8221;]<\/p>\n<p>Yli 20 vuoden kokemuksellaan Korea Ever-Power on ollut johtava ISBM-koneiden toimittaja Etel\u00e4-Koreassa ja kansainv\u00e4lisesti. K\u00e4yt\u00e4mme uusinta servok\u00e4ytt\u00f6ist\u00e4 teknologiaa tarjotaksemme koneita, jotka ovat yhteensopivia suosituimpien muottien, mukaan lukien japanilaisten ASB-muottien, kanssa. Koneemme tarjoavat vertaansa vailla olevaa tarkkuutta, luotettavuutta ja joustavuutta.<\/p>\n<p>[\/et_pb_text][\/et_pb_column][et_pb_column type=&#8221;1_3&#8243; _builder_version=&#8221;4.27.2&#8243; _module_preset=&#8221;default&#8221; custom_padding=&#8221;20px|20px|20px|20px|true|true&#8221; box_shadow_style=&#8221;preset6&#8243; global_colors_info=&#8221;{}&#8221;][et_pb_text _builder_version=&#8221;4.27.2&#8243; _module_preset=&#8221;default&#8221; header_3_font=&#8221;Playfair Display||||||||&#8221; global_colors_info=&#8221;{}&#8221;]<\/p>\n<h3>Globaali ulottuvuus, paikallinen asiantuntemus<\/h3>\n<p>[\/et_pb_text][et_pb_text _builder_version=&#8221;4.27.2&#8243; _module_preset=&#8221;default&#8221; text_font=&#8221;Urbanist||||||||&#8221; text_font_size=&#8221;18px&#8221; global_colors_info=&#8221;{}&#8221;]<\/p>\n<p>Palvelemme asiakkaita eri alueilla, kuten Etel\u00e4-Koreassa, Japanissa, Kiinassa ja Kaakkois-Aasiassa. Tiimimme tarjoaa paikallista tukea ja asiantuntemusta varmistaakseen, ett\u00e4 jokainen asiakas saa r\u00e4\u00e4t\u00e4l\u00f6ityj\u00e4 ratkaisuja pakkaustarpeisiinsa.<\/p>\n<p>[\/et_pb_text][\/et_pb_column][et_pb_column type=&#8221;1_3&#8243; _builder_version=&#8221;4.27.2&#8243; _module_preset=&#8221;default&#8221; custom_padding=&#8221;20px|20px|20px|20px|true|true&#8221; box_shadow_style=&#8221;preset6&#8243; global_colors_info=&#8221;{}&#8221;][et_pb_text _builder_version=&#8221;4.27.2&#8243; _module_preset=&#8221;default&#8221; header_3_font=&#8221;Playfair Display||||||||&#8221; global_colors_info=&#8221;{}&#8221;]<\/p>\n<h3>Sitoutuminen kest\u00e4v\u00e4\u00e4n kehitykseen<\/h3>\n<p>[\/et_pb_text][et_pb_text _builder_version=&#8221;4.27.2&#8243; _module_preset=&#8221;default&#8221; text_font=&#8221;Urbanist||||||||&#8221; text_font_size=&#8221;18px&#8221; global_colors_info=&#8221;{}&#8221;]<\/p>\n<p>Koneemme on suunniteltu energiatehokkuus mieless\u00e4 pit\u00e4en, ja niiden energiankulutus on jopa 40% pienempi perinteisiin koneisiin verrattuna. T\u00e4m\u00e4 on linjassa sitoutumisemme kanssa kest\u00e4v\u00e4\u00e4n kehitykseen ja ymp\u00e4rist\u00f6yst\u00e4v\u00e4llisiin valmistusk\u00e4yt\u00e4nt\u00f6ihin.<\/p>\n<p>[\/et_pb_text][\/et_pb_column][\/et_pb_row][et_pb_row column_structure=&#8221;1_3,1_3,1_3&#8243; _builder_version=&#8221;4.27.2&#8243; _module_preset=&#8221;default&#8221; width=&#8221;100%&#8221; max_width=&#8221;100%&#8221; custom_padding=&#8221;|20px||20px|false|true&#8221; global_colors_info=&#8221;{}&#8221;][et_pb_column type=&#8221;1_3&#8243; _builder_version=&#8221;4.21.0&#8243; _module_preset=&#8221;default&#8221; global_colors_info=&#8221;{}&#8221;][et_pb_image src=&#8221;https:\/\/isbm-blow-molding.com\/wp-content\/uploads\/2026\/02\/One-step-Injection-Stretch-Blowing-Mould-1.webp&#8221; alt=&#8221;One-step Injection Stretch Blowing Mould-1&#8243; title_text=&#8221;One-step Injection Stretch Blowing Mould-1&#8243; align_tablet=&#8221;center&#8221; align_phone=&#8221;center&#8221; align_last_edited=&#8221;on|tablet&#8221; _builder_version=&#8221;4.27.2&#8243; _module_preset=&#8221;default&#8221; box_shadow_style=&#8221;preset6&#8243; global_colors_info=&#8221;{}&#8221;][\/et_pb_image][et_pb_text _builder_version=&#8221;4.27.2&#8243; _module_preset=&#8221;74f7a5ae-33d8-4bfe-92c8-11bb14b04f6d&#8221; header_3_font=&#8221;Playfair Display||||||||&#8221; custom_margin=&#8221;||0px||false|false&#8221; text_orientation_tablet=&#8221;center&#8221; text_orientation_phone=&#8221;center&#8221; text_orientation_last_edited=&#8221;on|tablet&#8221; global_colors_info=&#8221;{}&#8221;]<\/p>\n<h3>Yhden vaiheen ruiskutuspuhallusmuotti<\/h3>\n<p>[\/et_pb_text][\/et_pb_column][et_pb_column type=&#8221;1_3&#8243; _builder_version=&#8221;4.21.0&#8243; _module_preset=&#8221;default&#8221; global_colors_info=&#8221;{}&#8221;][et_pb_image src=&#8221;https:\/\/isbm-blow-molding.com\/wp-content\/uploads\/2026\/02\/ISBM-2.webp&#8221; alt=&#8221;ISBM-2&#8243; title_text=&#8221;ISBM-2&#8243; align_tablet=&#8221;center&#8221; align_phone=&#8221;center&#8221; align_last_edited=&#8221;on|tablet&#8221; _builder_version=&#8221;4.27.2&#8243; _module_preset=&#8221;default&#8221; animation_style=&#8221;flip&#8221; box_shadow_style=&#8221;preset6&#8243; global_colors_info=&#8221;{}&#8221;][\/et_pb_image][et_pb_text _builder_version=&#8221;4.27.2&#8243; _module_preset=&#8221;74f7a5ae-33d8-4bfe-92c8-11bb14b04f6d&#8221; header_3_font=&#8221;Playfair Display||||||||&#8221; custom_margin=&#8221;||0px||false|false&#8221; text_orientation_tablet=&#8221;center&#8221; text_orientation_phone=&#8221;center&#8221; text_orientation_last_edited=&#8221;on|tablet&#8221; global_colors_info=&#8221;{}&#8221;]<\/p>\n<h3>Ruiskutuspuhallusmuovauskoneet<\/h3>\n<p>[\/et_pb_text][\/et_pb_column][et_pb_column type=&#8221;1_3&#8243; _builder_version=&#8221;4.21.0&#8243; _module_preset=&#8221;default&#8221; global_colors_info=&#8221;{}&#8221;][et_pb_image src=&#8221;https:\/\/isbm-blow-molding.com\/wp-content\/uploads\/2026\/02\/injection-stretch-blow-moulding-for-1.webp&#8221; alt=&#8221;injection-stretch-blow-moulding-for-1&#8243; title_text=&#8221;injection-stretch-blow-moulding-for-1&#8243; align_tablet=&#8221;center&#8221; align_phone=&#8221;center&#8221; align_last_edited=&#8221;on|tablet&#8221; _builder_version=&#8221;4.27.2&#8243; _module_preset=&#8221;default&#8221; animation_style=&#8221;slide&#8221; box_shadow_style=&#8221;preset6&#8243; global_colors_info=&#8221;{}&#8221;][\/et_pb_image][et_pb_text _builder_version=&#8221;4.27.2&#8243; _module_preset=&#8221;74f7a5ae-33d8-4bfe-92c8-11bb14b04f6d&#8221; header_3_font=&#8221;Playfair Display||||||||&#8221; custom_margin=&#8221;||0px||false|false&#8221; text_orientation_tablet=&#8221;center&#8221; text_orientation_phone=&#8221;center&#8221; text_orientation_last_edited=&#8221;on|tablet&#8221; global_colors_info=&#8221;{}&#8221;]<\/p>\n<h3>Muovi ja ymp\u00e4rist\u00f6yst\u00e4v\u00e4lliset materiaalit<\/h3>\n<p>[\/et_pb_text][\/et_pb_column][\/et_pb_row][\/et_pb_section]<\/p>","protected":false},"excerpt":{"rendered":"<p>About usLeading the Future of Injection Stretch Blow Moulding TechnologyCore Values Innovation Quality Sustainability Customer Satisfaction Our Mission &#8211; Innovation and Excellence in ISBM TechnologyKorea Ever-Power Injection Stretch Blow Moulding Machine Co., Ltd. is a pioneering company committed to providing high-quality and energy-efficient ISBM (Injection Stretch Blow Moulding) machines. Founded with the goal of revolutionizing [&hellip;]<\/p>","protected":false},"author":1,"featured_media":0,"parent":0,"menu_order":0,"comment_status":"closed","ping_status":"closed","template":"","meta":{"_et_pb_use_builder":"on","_et_pb_old_content":"","_et_gb_content_width":"","footnotes":""},"class_list":["post-261","page","type-page","status-publish","hentry"],"_links":{"self":[{"href":"https:\/\/isbm-blow-molding.com\/fi\/wp-json\/wp\/v2\/pages\/261","targetHints":{"allow":["GET"]}}],"collection":[{"href":"https:\/\/isbm-blow-molding.com\/fi\/wp-json\/wp\/v2\/pages"}],"about":[{"href":"https:\/\/isbm-blow-molding.com\/fi\/wp-json\/wp\/v2\/types\/page"}],"author":[{"embeddable":true,"href":"https:\/\/isbm-blow-molding.com\/fi\/wp-json\/wp\/v2\/users\/1"}],"replies":[{"embeddable":true,"href":"https:\/\/isbm-blow-molding.com\/fi\/wp-json\/wp\/v2\/comments?post=261"}],"version-history":[{"count":14,"href":"https:\/\/isbm-blow-molding.com\/fi\/wp-json\/wp\/v2\/pages\/261\/revisions"}],"predecessor-version":[{"id":638,"href":"https:\/\/isbm-blow-molding.com\/fi\/wp-json\/wp\/v2\/pages\/261\/revisions\/638"}],"wp:attachment":[{"href":"https:\/\/isbm-blow-molding.com\/fi\/wp-json\/wp\/v2\/media?parent=261"}],"curies":[{"name":"wp","href":"https:\/\/api.w.org\/{rel}","templated":true}]}}