{"id":261,"date":"2026-02-10T08:19:58","date_gmt":"2026-02-10T08:19:58","guid":{"rendered":"https:\/\/isbm-blow-molding.com\/?page_id=261"},"modified":"2026-04-24T05:42:12","modified_gmt":"2026-04-24T05:42:12","slug":"about-us","status":"publish","type":"page","link":"https:\/\/isbm-blow-molding.com\/es\/about-us\/","title":{"rendered":"Sobre nosotros"},"content":{"rendered":"<p>[et_pb_section fb_built=&#8221;1&#8243; admin_label=&#8221;Header&#8221; _builder_version=&#8221;4.27.2&#8243; _module_preset=&#8221;default&#8221; background_color=&#8221;gcid-e787f6e4-87be-4325-83ae-4380ef468485&#8243; background_image=&#8221;https:\/\/isbm-blow-molding.com\/wp-content\/uploads\/2026\/02\/factory-1.webp&#8221; collapsed=&#8221;on&#8221; global_colors_info=&#8221;{%22gcid-e787f6e4-87be-4325-83ae-4380ef468485%22:%91%22background_color%22%93}&#8221;][et_pb_row _builder_version=&#8221;4.27.2&#8243; _module_preset=&#8221;default&#8221; custom_margin=&#8221;120px||120px||true|false&#8221; global_colors_info=&#8221;{}&#8221;][et_pb_column type=&#8221;4_4&#8243; _builder_version=&#8221;4.21.0&#8243; _module_preset=&#8221;default&#8221; global_colors_info=&#8221;{}&#8221;][et_pb_text _builder_version=&#8221;4.27.2&#8243; _module_preset=&#8221;02ee1264-944d-44fe-880d-eb7713c98c5a&#8221; header_font=&#8221;Playfair Display|700||on|||||&#8221; header_text_color=&#8221;#FFFFFF&#8221; header_text_shadow_style=&#8221;preset2&#8243; header_text_shadow_color=&#8221;#000000&#8243; locked=&#8221;off&#8221; global_colors_info=&#8221;{}&#8221;]<\/p>\n<h1>Sobre nosotros<\/h1>\n<p>[\/et_pb_text][et_pb_text _builder_version=&#8221;4.27.2&#8243; _module_preset=&#8221;b53e328b-fc87-4e7c-84dd-59bd68ef925a&#8221; header_2_font=&#8221;Playfair Display|700|||||||&#8221; header_2_text_color=&#8221;#FFFFFF&#8221; width=&#8221;50%&#8221; header_2_text_shadow_style=&#8221;preset1&#8243; header_2_text_shadow_color=&#8221;#000000&#8243; locked=&#8221;off&#8221; global_colors_info=&#8221;{}&#8221;]<\/p>\n<h2>Liderando el futuro de la tecnolog\u00eda de moldeo por soplado y estirado por inyecci\u00f3n.<\/h2>\n<p>[\/et_pb_text][\/et_pb_column][\/et_pb_row][\/et_pb_section][et_pb_section fb_built=&#8221;1&#8243; admin_label=&#8221;Feature&#8221; _builder_version=&#8221;4.21.0&#8243; _module_preset=&#8221;default&#8221; background_enable_color=&#8221;off&#8221; locked=&#8221;off&#8221; collapsed=&#8221;on&#8221; global_colors_info=&#8221;{}&#8221;][et_pb_row column_structure=&#8221;1_2,1_2&#8243; _builder_version=&#8221;4.21.0&#8243; _module_preset=&#8221;default&#8221; global_colors_info=&#8221;{}&#8221;][et_pb_column type=&#8221;1_2&#8243; _builder_version=&#8221;4.21.0&#8243; _module_preset=&#8221;default&#8221; global_colors_info=&#8221;{}&#8221;][et_pb_image src=&#8221;https:\/\/isbm-blow-molding.com\/wp-content\/uploads\/2026\/02\/factory-2.webp&#8221; alt=&#8221;factory-2&#8243; title_text=&#8221;factory-2&#8243; _builder_version=&#8221;4.27.2&#8243; _module_preset=&#8221;default&#8221; global_colors_info=&#8221;{}&#8221;][\/et_pb_image][et_pb_image src=&#8221;https:\/\/isbm-blow-molding.com\/wp-content\/uploads\/2026\/02\/factory-5.webp&#8221; alt=&#8221;factory-5&#8243; title_text=&#8221;factory-5&#8243; align=&#8221;right&#8221; _builder_version=&#8221;4.27.2&#8243; _module_preset=&#8221;default&#8221; width=&#8221;50%&#8221; custom_margin=&#8221;-30%|30px|||false|false&#8221; box_shadow_style=&#8221;preset7&#8243; box_shadow_color=&#8221;#FFFFFF&#8221; global_colors_info=&#8221;{}&#8221;][\/et_pb_image][et_pb_text _builder_version=&#8221;4.27.2&#8243; _module_preset=&#8221;default&#8221; header_3_font=&#8221;Playfair Display|700|||||||&#8221; header_3_font_size=&#8221;30px&#8221; background_color=&#8221;#FFFFFF&#8221; header_3_text_shadow_style=&#8221;preset2&#8243; global_colors_info=&#8221;{}&#8221;]<\/p>\n<h3>Valores fundamentales<\/h3>\n<p>[\/et_pb_text][et_pb_text _builder_version=&#8221;4.27.2&#8243; _module_preset=&#8221;default&#8221; text_font=&#8221;Playfair Display||||||||&#8221; text_font_size=&#8221;30px&#8221; background_color=&#8221;#D6D6D6&#8243; custom_margin=&#8221;||2px|||&#8221; global_colors_info=&#8221;{}&#8221;]<\/p>\n<ul>\n<li data-start=\"3052\" data-end=\"3064\">\n<p data-start=\"3054\" data-end=\"3064\">Innovaci\u00f3n<\/p>\n<\/li>\n<\/ul>\n<p>[\/et_pb_text][et_pb_text _builder_version=&#8221;4.27.2&#8243; _module_preset=&#8221;default&#8221; text_font=&#8221;Playfair Display||||||||&#8221; text_text_color=&#8221;#D6D6D6&#8243; text_font_size=&#8221;30px&#8221; background_color=&#8221;#8F8F8F&#8221; custom_margin=&#8221;||1px|||&#8221; global_colors_info=&#8221;{}&#8221;]<\/p>\n<ul>\n<li data-start=\"3052\" data-end=\"3064\">Calidad<\/li>\n<\/ul>\n<p>[\/et_pb_text][et_pb_text _builder_version=&#8221;4.27.2&#8243; _module_preset=&#8221;default&#8221; text_font=&#8221;Playfair Display||||||||&#8221; text_text_color=&#8221;#B3B3B3&#8243; text_font_size=&#8221;30px&#8221; background_color=&#8221;#6B6B6B&#8221; custom_margin=&#8221;||-2px|||&#8221; global_colors_info=&#8221;{}&#8221;]<\/p>\n<ul>\n<li data-start=\"3052\" data-end=\"3064\">\n<p data-start=\"3054\" data-end=\"3064\">Sostenibilidad<\/p>\n<\/li>\n<\/ul>\n<p>[\/et_pb_text][et_pb_text _builder_version=&#8221;4.27.2&#8243; _module_preset=&#8221;default&#8221; text_font=&#8221;Playfair Display||||||||&#8221; text_text_color=&#8221;#D6D6D6&#8243; text_font_size=&#8221;30px&#8221; background_color=&#8221;#474747&#8243; custom_padding=&#8221;7px|||||&#8221; global_colors_info=&#8221;{}&#8221;]<\/p>\n<ul>\n<li data-start=\"3052\" data-end=\"3064\">\n<p data-start=\"3054\" data-end=\"3064\">Satisfacci\u00f3n del cliente<\/p>\n<\/li>\n<\/ul>\n<p>[\/et_pb_text][\/et_pb_column][et_pb_column type=&#8221;1_2&#8243; _builder_version=&#8221;4.21.0&#8243; _module_preset=&#8221;default&#8221; global_colors_info=&#8221;{}&#8221;][et_pb_text _builder_version=&#8221;4.27.2&#8243; _module_preset=&#8221;f346a940-31b1-418a-b7a2-866352e0c5e3&#8243; header_2_font=&#8221;Playfair Display|700|||||||&#8221; header_2_text_shadow_style=&#8221;preset1&#8243; locked=&#8221;off&#8221; global_colors_info=&#8221;{}&#8221;]<\/p>\n<h2>Nuestra misi\u00f3n: innovaci\u00f3n y excelencia en la tecnolog\u00eda ISBM.<\/h2>\n<p>[\/et_pb_text][et_pb_text _builder_version=&#8221;4.27.2&#8243; _module_preset=&#8221;b53e328b-fc87-4e7c-84dd-59bd68ef925a&#8221; text_font=&#8221;Urbanist||||||||&#8221; locked=&#8221;off&#8221; global_colors_info=&#8221;{}&#8221;]<\/p>\n<p>Korea Ever-Power Injection Stretch Blow Moulding Machine Co., Ltd. es una empresa pionera dedicada a proporcionar m\u00e1quinas ISBM (Injection Stretch Blow Moulding) de alta calidad y eficiencia energ\u00e9tica. Fundada con el objetivo de revolucionar la industria del embalaje, nos especializamos en la fabricaci\u00f3n de m\u00e1quinas fiables y de alto rendimiento que satisfacen las demandas de los mercados globales de embalaje. Nuestra tecnolog\u00eda est\u00e1 dise\u00f1ada para ofrecer a los fabricantes soluciones rentables, energ\u00e9ticamente eficientes y de alta precisi\u00f3n para la producci\u00f3n de una amplia gama de envases de pl\u00e1stico.<\/p>\n<p>[\/et_pb_text][et_pb_image src=&#8221;https:\/\/isbm-blow-molding.com\/wp-content\/uploads\/2026\/02\/certificatification-1.png&#8221; alt=&#8221;certificatification-1&#8243; title_text=&#8221;certificatification-1&#8243; _builder_version=&#8221;4.27.2&#8243; _module_preset=&#8221;default&#8221; filter_saturate=&#8221;0%&#8221; global_colors_info=&#8221;{}&#8221;][\/et_pb_image][\/et_pb_column][\/et_pb_row][\/et_pb_section][et_pb_section fb_built=&#8221;1&#8243; admin_label=&#8221;Team&#8221; _builder_version=&#8221;4.27.2&#8243; _module_preset=&#8221;default&#8221; background_enable_color=&#8221;off&#8221; collapsed=&#8221;on&#8221; global_colors_info=&#8221;{}&#8221;][et_pb_row _builder_version=&#8221;4.21.0&#8243; _module_preset=&#8221;default&#8221; global_colors_info=&#8221;{}&#8221;][et_pb_column type=&#8221;4_4&#8243; _builder_version=&#8221;4.21.0&#8243; _module_preset=&#8221;default&#8221; global_colors_info=&#8221;{}&#8221;][et_pb_text _builder_version=&#8221;4.27.2&#8243; _module_preset=&#8221;f346a940-31b1-418a-b7a2-866352e0c5e3&#8243; header_2_font=&#8221;Playfair Display|700|||||||&#8221; text_orientation_tablet=&#8221;center&#8221; text_orientation_phone=&#8221;center&#8221; text_orientation_last_edited=&#8221;on|tablet&#8221; header_2_text_shadow_style=&#8221;preset2&#8243; locked=&#8221;off&#8221; global_colors_info=&#8221;{}&#8221;]<\/p>\n<h2>\u00bfPor qu\u00e9 elegirnos?<\/h2>\n<p>[\/et_pb_text][\/et_pb_column][\/et_pb_row][et_pb_row column_structure=&#8221;1_3,1_3,1_3&#8243; _builder_version=&#8221;4.27.2&#8243; _module_preset=&#8221;default&#8221; global_colors_info=&#8221;{}&#8221;][et_pb_column type=&#8221;1_3&#8243; _builder_version=&#8221;4.27.2&#8243; _module_preset=&#8221;default&#8221; custom_padding=&#8221;20px|20px|20px|20px|true|true&#8221; box_shadow_style=&#8221;preset6&#8243; global_colors_info=&#8221;{}&#8221;][et_pb_text _builder_version=&#8221;4.27.2&#8243; _module_preset=&#8221;default&#8221; header_3_font=&#8221;Playfair Display||||||||&#8221; global_colors_info=&#8221;{}&#8221;]<\/p>\n<h3>Experiencia en el sector y tecnolog\u00eda avanzada<\/h3>\n<p>[\/et_pb_text][et_pb_text _builder_version=&#8221;4.27.2&#8243; _module_preset=&#8221;default&#8221; text_font=&#8221;Urbanist||||||||&#8221; text_font_size=&#8221;18px&#8221; global_colors_info=&#8221;{}&#8221;]<\/p>\n<p>Con m\u00e1s de 20 a\u00f1os de experiencia, Korea Ever-Power es un proveedor l\u00edder de maquinaria ISBM en Corea del Sur e internacionalmente. Utilizamos la tecnolog\u00eda servoaccionada m\u00e1s avanzada para ofrecer m\u00e1quinas compatibles con los moldes m\u00e1s populares, incluidos los moldes ASB japoneses. Nuestras m\u00e1quinas ofrecen una precisi\u00f3n, fiabilidad y flexibilidad inigualables.<\/p>\n<p>[\/et_pb_text][\/et_pb_column][et_pb_column type=&#8221;1_3&#8243; _builder_version=&#8221;4.27.2&#8243; _module_preset=&#8221;default&#8221; custom_padding=&#8221;20px|20px|20px|20px|true|true&#8221; box_shadow_style=&#8221;preset6&#8243; global_colors_info=&#8221;{}&#8221;][et_pb_text _builder_version=&#8221;4.27.2&#8243; _module_preset=&#8221;default&#8221; header_3_font=&#8221;Playfair Display||||||||&#8221; global_colors_info=&#8221;{}&#8221;]<\/p>\n<h3>Alcance global, experiencia local.<\/h3>\n<p>[\/et_pb_text][et_pb_text _builder_version=&#8221;4.27.2&#8243; _module_preset=&#8221;default&#8221; text_font=&#8221;Urbanist||||||||&#8221; text_font_size=&#8221;18px&#8221; global_colors_info=&#8221;{}&#8221;]<\/p>\n<p>Prestamos servicios a clientes en diversas regiones, incluyendo Corea del Sur, Jap\u00f3n, China y el Sudeste Asi\u00e1tico. Nuestro equipo ofrece asistencia y experiencia localizadas para garantizar que cada cliente reciba soluciones personalizadas para sus necesidades de embalaje.<\/p>\n<p>[\/et_pb_text][\/et_pb_column][et_pb_column type=&#8221;1_3&#8243; _builder_version=&#8221;4.27.2&#8243; _module_preset=&#8221;default&#8221; custom_padding=&#8221;20px|20px|20px|20px|true|true&#8221; box_shadow_style=&#8221;preset6&#8243; global_colors_info=&#8221;{}&#8221;][et_pb_text _builder_version=&#8221;4.27.2&#8243; _module_preset=&#8221;default&#8221; header_3_font=&#8221;Playfair Display||||||||&#8221; global_colors_info=&#8221;{}&#8221;]<\/p>\n<h3>Compromiso con la sostenibilidad<\/h3>\n<p>[\/et_pb_text][et_pb_text _builder_version=&#8221;4.27.2&#8243; _module_preset=&#8221;default&#8221; text_font=&#8221;Urbanist||||||||&#8221; text_font_size=&#8221;18px&#8221; global_colors_info=&#8221;{}&#8221;]<\/p>\n<p>Nuestras m\u00e1quinas est\u00e1n dise\u00f1adas pensando en la eficiencia energ\u00e9tica, reduciendo el consumo de energ\u00eda hasta en 401 TP3T en comparaci\u00f3n con las m\u00e1quinas tradicionales. Esto est\u00e1 en consonancia con nuestro compromiso con la sostenibilidad y las pr\u00e1cticas de fabricaci\u00f3n respetuosas con el medio ambiente.<\/p>\n<p>[\/et_pb_text][\/et_pb_column][\/et_pb_row][et_pb_row column_structure=&#8221;1_3,1_3,1_3&#8243; _builder_version=&#8221;4.27.2&#8243; _module_preset=&#8221;default&#8221; width=&#8221;100%&#8221; max_width=&#8221;100%&#8221; custom_padding=&#8221;|20px||20px|false|true&#8221; global_colors_info=&#8221;{}&#8221;][et_pb_column type=&#8221;1_3&#8243; _builder_version=&#8221;4.21.0&#8243; _module_preset=&#8221;default&#8221; global_colors_info=&#8221;{}&#8221;][et_pb_image src=&#8221;https:\/\/isbm-blow-molding.com\/wp-content\/uploads\/2026\/02\/One-step-Injection-Stretch-Blowing-Mould-1.webp&#8221; alt=&#8221;One-step Injection Stretch Blowing Mould-1&#8243; title_text=&#8221;One-step Injection Stretch Blowing Mould-1&#8243; align_tablet=&#8221;center&#8221; align_phone=&#8221;center&#8221; align_last_edited=&#8221;on|tablet&#8221; _builder_version=&#8221;4.27.2&#8243; _module_preset=&#8221;default&#8221; box_shadow_style=&#8221;preset6&#8243; global_colors_info=&#8221;{}&#8221;][\/et_pb_image][et_pb_text _builder_version=&#8221;4.27.2&#8243; _module_preset=&#8221;74f7a5ae-33d8-4bfe-92c8-11bb14b04f6d&#8221; header_3_font=&#8221;Playfair Display||||||||&#8221; custom_margin=&#8221;||0px||false|false&#8221; text_orientation_tablet=&#8221;center&#8221; text_orientation_phone=&#8221;center&#8221; text_orientation_last_edited=&#8221;on|tablet&#8221; global_colors_info=&#8221;{}&#8221;]<\/p>\n<h3>Molde de inyecci\u00f3n-soplado en un solo paso<\/h3>\n<p>[\/et_pb_text][\/et_pb_column][et_pb_column type=&#8221;1_3&#8243; _builder_version=&#8221;4.21.0&#8243; _module_preset=&#8221;default&#8221; global_colors_info=&#8221;{}&#8221;][et_pb_image src=&#8221;https:\/\/isbm-blow-molding.com\/wp-content\/uploads\/2026\/02\/ISBM-2.webp&#8221; alt=&#8221;ISBM-2&#8243; title_text=&#8221;ISBM-2&#8243; align_tablet=&#8221;center&#8221; align_phone=&#8221;center&#8221; align_last_edited=&#8221;on|tablet&#8221; _builder_version=&#8221;4.27.2&#8243; _module_preset=&#8221;default&#8221; animation_style=&#8221;flip&#8221; box_shadow_style=&#8221;preset6&#8243; global_colors_info=&#8221;{}&#8221;][\/et_pb_image][et_pb_text _builder_version=&#8221;4.27.2&#8243; _module_preset=&#8221;74f7a5ae-33d8-4bfe-92c8-11bb14b04f6d&#8221; header_3_font=&#8221;Playfair Display||||||||&#8221; custom_margin=&#8221;||0px||false|false&#8221; text_orientation_tablet=&#8221;center&#8221; text_orientation_phone=&#8221;center&#8221; text_orientation_last_edited=&#8221;on|tablet&#8221; global_colors_info=&#8221;{}&#8221;]<\/p>\n<h3>M\u00e1quinas de moldeo por inyecci\u00f3n-estirado-soplado<\/h3>\n<p>[\/et_pb_text][\/et_pb_column][et_pb_column type=&#8221;1_3&#8243; _builder_version=&#8221;4.21.0&#8243; _module_preset=&#8221;default&#8221; global_colors_info=&#8221;{}&#8221;][et_pb_image src=&#8221;https:\/\/isbm-blow-molding.com\/wp-content\/uploads\/2026\/02\/injection-stretch-blow-moulding-for-1.webp&#8221; alt=&#8221;injection-stretch-blow-moulding-for-1&#8243; title_text=&#8221;injection-stretch-blow-moulding-for-1&#8243; align_tablet=&#8221;center&#8221; align_phone=&#8221;center&#8221; align_last_edited=&#8221;on|tablet&#8221; _builder_version=&#8221;4.27.2&#8243; _module_preset=&#8221;default&#8221; animation_style=&#8221;slide&#8221; box_shadow_style=&#8221;preset6&#8243; global_colors_info=&#8221;{}&#8221;][\/et_pb_image][et_pb_text _builder_version=&#8221;4.27.2&#8243; _module_preset=&#8221;74f7a5ae-33d8-4bfe-92c8-11bb14b04f6d&#8221; header_3_font=&#8221;Playfair Display||||||||&#8221; custom_margin=&#8221;||0px||false|false&#8221; text_orientation_tablet=&#8221;center&#8221; text_orientation_phone=&#8221;center&#8221; text_orientation_last_edited=&#8221;on|tablet&#8221; global_colors_info=&#8221;{}&#8221;]<\/p>\n<h3>Pl\u00e1stico y materiales respetuosos con el medio ambiente<\/h3>\n<p>[\/et_pb_text][\/et_pb_column][\/et_pb_row][\/et_pb_section]<\/p>","protected":false},"excerpt":{"rendered":"<p>About usLeading the Future of Injection Stretch Blow Moulding TechnologyCore Values Innovation Quality Sustainability Customer Satisfaction Our Mission &#8211; Innovation and Excellence in ISBM TechnologyKorea Ever-Power Injection Stretch Blow Moulding Machine Co., Ltd. is a pioneering company committed to providing high-quality and energy-efficient ISBM (Injection Stretch Blow Moulding) machines. Founded with the goal of revolutionizing [&hellip;]<\/p>","protected":false},"author":1,"featured_media":0,"parent":0,"menu_order":0,"comment_status":"closed","ping_status":"closed","template":"","meta":{"_et_pb_use_builder":"on","_et_pb_old_content":"","_et_gb_content_width":"","footnotes":""},"class_list":["post-261","page","type-page","status-publish","hentry"],"_links":{"self":[{"href":"https:\/\/isbm-blow-molding.com\/es\/wp-json\/wp\/v2\/pages\/261","targetHints":{"allow":["GET"]}}],"collection":[{"href":"https:\/\/isbm-blow-molding.com\/es\/wp-json\/wp\/v2\/pages"}],"about":[{"href":"https:\/\/isbm-blow-molding.com\/es\/wp-json\/wp\/v2\/types\/page"}],"author":[{"embeddable":true,"href":"https:\/\/isbm-blow-molding.com\/es\/wp-json\/wp\/v2\/users\/1"}],"replies":[{"embeddable":true,"href":"https:\/\/isbm-blow-molding.com\/es\/wp-json\/wp\/v2\/comments?post=261"}],"version-history":[{"count":14,"href":"https:\/\/isbm-blow-molding.com\/es\/wp-json\/wp\/v2\/pages\/261\/revisions"}],"predecessor-version":[{"id":638,"href":"https:\/\/isbm-blow-molding.com\/es\/wp-json\/wp\/v2\/pages\/261\/revisions\/638"}],"wp:attachment":[{"href":"https:\/\/isbm-blow-molding.com\/es\/wp-json\/wp\/v2\/media?parent=261"}],"curies":[{"name":"wp","href":"https:\/\/api.w.org\/{rel}","templated":true}]}}