{"id":261,"date":"2026-02-10T08:19:58","date_gmt":"2026-02-10T08:19:58","guid":{"rendered":"https:\/\/isbm-blow-molding.com\/?page_id=261"},"modified":"2026-04-24T05:42:12","modified_gmt":"2026-04-24T05:42:12","slug":"about-us","status":"publish","type":"page","link":"https:\/\/isbm-blow-molding.com\/da\/about-us\/","title":{"rendered":"Om os"},"content":{"rendered":"<p>[et_pb_section fb_built=&#8221;1&#8243; admin_label=&#8221;Header&#8221; _builder_version=&#8221;4.27.2&#8243; _module_preset=&#8221;default&#8221; background_color=&#8221;gcid-e787f6e4-87be-4325-83ae-4380ef468485&#8243; background_image=&#8221;https:\/\/isbm-blow-molding.com\/wp-content\/uploads\/2026\/02\/factory-1.webp&#8221; collapsed=&#8221;on&#8221; global_colors_info=&#8221;{%22gcid-e787f6e4-87be-4325-83ae-4380ef468485%22:%91%22background_color%22%93}&#8221;][et_pb_row _builder_version=&#8221;4.27.2&#8243; _module_preset=&#8221;default&#8221; custom_margin=&#8221;120px||120px||true|false&#8221; global_colors_info=&#8221;{}&#8221;][et_pb_column type=&#8221;4_4&#8243; _builder_version=&#8221;4.21.0&#8243; _module_preset=&#8221;default&#8221; global_colors_info=&#8221;{}&#8221;][et_pb_text _builder_version=&#8221;4.27.2&#8243; _module_preset=&#8221;02ee1264-944d-44fe-880d-eb7713c98c5a&#8221; header_font=&#8221;Playfair Display|700||on|||||&#8221; header_text_color=&#8221;#FFFFFF&#8221; header_text_shadow_style=&#8221;preset2&#8243; header_text_shadow_color=&#8221;#000000&#8243; locked=&#8221;off&#8221; global_colors_info=&#8221;{}&#8221;]<\/p>\n<h1>Om os<\/h1>\n<p>[\/et_pb_text][et_pb_text _builder_version=&#8221;4.27.2&#8243; _module_preset=&#8221;b53e328b-fc87-4e7c-84dd-59bd68ef925a&#8221; header_2_font=&#8221;Playfair Display|700|||||||&#8221; header_2_text_color=&#8221;#FFFFFF&#8221; width=&#8221;50%&#8221; header_2_text_shadow_style=&#8221;preset1&#8243; header_2_text_shadow_color=&#8221;#000000&#8243; locked=&#8221;off&#8221; global_colors_info=&#8221;{}&#8221;]<\/p>\n<h2>F\u00f8rer fremtiden for spr\u00f8jtest\u00f8bningsteknologi<\/h2>\n<p>[\/et_pb_text][\/et_pb_column][\/et_pb_row][\/et_pb_section][et_pb_section fb_built=&#8221;1&#8243; admin_label=&#8221;Feature&#8221; _builder_version=&#8221;4.21.0&#8243; _module_preset=&#8221;default&#8221; background_enable_color=&#8221;off&#8221; locked=&#8221;off&#8221; collapsed=&#8221;on&#8221; global_colors_info=&#8221;{}&#8221;][et_pb_row column_structure=&#8221;1_2,1_2&#8243; _builder_version=&#8221;4.21.0&#8243; _module_preset=&#8221;default&#8221; global_colors_info=&#8221;{}&#8221;][et_pb_column type=&#8221;1_2&#8243; _builder_version=&#8221;4.21.0&#8243; _module_preset=&#8221;default&#8221; global_colors_info=&#8221;{}&#8221;][et_pb_image src=&#8221;https:\/\/isbm-blow-molding.com\/wp-content\/uploads\/2026\/02\/factory-2.webp&#8221; alt=&#8221;factory-2&#8243; title_text=&#8221;factory-2&#8243; _builder_version=&#8221;4.27.2&#8243; _module_preset=&#8221;default&#8221; global_colors_info=&#8221;{}&#8221;][\/et_pb_image][et_pb_image src=&#8221;https:\/\/isbm-blow-molding.com\/wp-content\/uploads\/2026\/02\/factory-5.webp&#8221; alt=&#8221;factory-5&#8243; title_text=&#8221;factory-5&#8243; align=&#8221;right&#8221; _builder_version=&#8221;4.27.2&#8243; _module_preset=&#8221;default&#8221; width=&#8221;50%&#8221; custom_margin=&#8221;-30%|30px|||false|false&#8221; box_shadow_style=&#8221;preset7&#8243; box_shadow_color=&#8221;#FFFFFF&#8221; global_colors_info=&#8221;{}&#8221;][\/et_pb_image][et_pb_text _builder_version=&#8221;4.27.2&#8243; _module_preset=&#8221;default&#8221; header_3_font=&#8221;Playfair Display|700|||||||&#8221; header_3_font_size=&#8221;30px&#8221; background_color=&#8221;#FFFFFF&#8221; header_3_text_shadow_style=&#8221;preset2&#8243; global_colors_info=&#8221;{}&#8221;]<\/p>\n<h3>Kernev\u00e6rdier<\/h3>\n<p>[\/et_pb_text][et_pb_text _builder_version=&#8221;4.27.2&#8243; _module_preset=&#8221;default&#8221; text_font=&#8221;Playfair Display||||||||&#8221; text_font_size=&#8221;30px&#8221; background_color=&#8221;#D6D6D6&#8243; custom_margin=&#8221;||2px|||&#8221; global_colors_info=&#8221;{}&#8221;]<\/p>\n<ul>\n<li data-start=\"3052\" data-end=\"3064\">\n<p data-start=\"3054\" data-end=\"3064\">Innovation<\/p>\n<\/li>\n<\/ul>\n<p>[\/et_pb_text][et_pb_text _builder_version=&#8221;4.27.2&#8243; _module_preset=&#8221;default&#8221; text_font=&#8221;Playfair Display||||||||&#8221; text_text_color=&#8221;#D6D6D6&#8243; text_font_size=&#8221;30px&#8221; background_color=&#8221;#8F8F8F&#8221; custom_margin=&#8221;||1px|||&#8221; global_colors_info=&#8221;{}&#8221;]<\/p>\n<ul>\n<li data-start=\"3052\" data-end=\"3064\">Kvalitet<\/li>\n<\/ul>\n<p>[\/et_pb_text][et_pb_text _builder_version=&#8221;4.27.2&#8243; _module_preset=&#8221;default&#8221; text_font=&#8221;Playfair Display||||||||&#8221; text_text_color=&#8221;#B3B3B3&#8243; text_font_size=&#8221;30px&#8221; background_color=&#8221;#6B6B6B&#8221; custom_margin=&#8221;||-2px|||&#8221; global_colors_info=&#8221;{}&#8221;]<\/p>\n<ul>\n<li data-start=\"3052\" data-end=\"3064\">\n<p data-start=\"3054\" data-end=\"3064\">B\u00e6redygtighed<\/p>\n<\/li>\n<\/ul>\n<p>[\/et_pb_text][et_pb_text _builder_version=&#8221;4.27.2&#8243; _module_preset=&#8221;default&#8221; text_font=&#8221;Playfair Display||||||||&#8221; text_text_color=&#8221;#D6D6D6&#8243; text_font_size=&#8221;30px&#8221; background_color=&#8221;#474747&#8243; custom_padding=&#8221;7px|||||&#8221; global_colors_info=&#8221;{}&#8221;]<\/p>\n<ul>\n<li data-start=\"3052\" data-end=\"3064\">\n<p data-start=\"3054\" data-end=\"3064\">Kundetilfredshed<\/p>\n<\/li>\n<\/ul>\n<p>[\/et_pb_text][\/et_pb_column][et_pb_column type=&#8221;1_2&#8243; _builder_version=&#8221;4.21.0&#8243; _module_preset=&#8221;default&#8221; global_colors_info=&#8221;{}&#8221;][et_pb_text _builder_version=&#8221;4.27.2&#8243; _module_preset=&#8221;f346a940-31b1-418a-b7a2-866352e0c5e3&#8243; header_2_font=&#8221;Playfair Display|700|||||||&#8221; header_2_text_shadow_style=&#8221;preset1&#8243; locked=&#8221;off&#8221; global_colors_info=&#8221;{}&#8221;]<\/p>\n<h2>Vores mission \u2013 Innovation og ekspertise inden for ISBM-teknologi<\/h2>\n<p>[\/et_pb_text][et_pb_text _builder_version=&#8221;4.27.2&#8243; _module_preset=&#8221;b53e328b-fc87-4e7c-84dd-59bd68ef925a&#8221; text_font=&#8221;Urbanist||||||||&#8221; locked=&#8221;off&#8221; global_colors_info=&#8221;{}&#8221;]<\/p>\n<p>Korea Ever-Power Injection Stretch Blow Moulding Machine Co., Ltd. er en banebrydende virksomhed, der er dedikeret til at levere ISBM-maskiner (Injection Stretch Blow Moulding) af h\u00f8j kvalitet og energieffektive. Vi blev grundlagt med det m\u00e5l at revolutionere emballageindustrien og specialiserer os i fremstilling af p\u00e5lidelige og h\u00f8jtydende maskiner, der opfylder kravene fra de globale emballagemarkeder. Vores teknologi er designet til at give producenter omkostningseffektive, energieffektive og yderst pr\u00e6cise l\u00f8sninger til produktion af en bred vifte af plastbeholdere.<\/p>\n<p>[\/et_pb_text][et_pb_image src=&#8221;https:\/\/isbm-blow-molding.com\/wp-content\/uploads\/2026\/02\/certificatification-1.png&#8221; alt=&#8221;certificatification-1&#8243; title_text=&#8221;certificatification-1&#8243; _builder_version=&#8221;4.27.2&#8243; _module_preset=&#8221;default&#8221; filter_saturate=&#8221;0%&#8221; global_colors_info=&#8221;{}&#8221;][\/et_pb_image][\/et_pb_column][\/et_pb_row][\/et_pb_section][et_pb_section fb_built=&#8221;1&#8243; admin_label=&#8221;Team&#8221; _builder_version=&#8221;4.27.2&#8243; _module_preset=&#8221;default&#8221; background_enable_color=&#8221;off&#8221; collapsed=&#8221;on&#8221; global_colors_info=&#8221;{}&#8221;][et_pb_row _builder_version=&#8221;4.21.0&#8243; _module_preset=&#8221;default&#8221; global_colors_info=&#8221;{}&#8221;][et_pb_column type=&#8221;4_4&#8243; _builder_version=&#8221;4.21.0&#8243; _module_preset=&#8221;default&#8221; global_colors_info=&#8221;{}&#8221;][et_pb_text _builder_version=&#8221;4.27.2&#8243; _module_preset=&#8221;f346a940-31b1-418a-b7a2-866352e0c5e3&#8243; header_2_font=&#8221;Playfair Display|700|||||||&#8221; text_orientation_tablet=&#8221;center&#8221; text_orientation_phone=&#8221;center&#8221; text_orientation_last_edited=&#8221;on|tablet&#8221; header_2_text_shadow_style=&#8221;preset2&#8243; locked=&#8221;off&#8221; global_colors_info=&#8221;{}&#8221;]<\/p>\n<h2>Hvorfor v\u00e6lge os?<\/h2>\n<p>[\/et_pb_text][\/et_pb_column][\/et_pb_row][et_pb_row column_structure=&#8221;1_3,1_3,1_3&#8243; _builder_version=&#8221;4.27.2&#8243; _module_preset=&#8221;default&#8221; global_colors_info=&#8221;{}&#8221;][et_pb_column type=&#8221;1_3&#8243; _builder_version=&#8221;4.27.2&#8243; _module_preset=&#8221;default&#8221; custom_padding=&#8221;20px|20px|20px|20px|true|true&#8221; box_shadow_style=&#8221;preset6&#8243; global_colors_info=&#8221;{}&#8221;][et_pb_text _builder_version=&#8221;4.27.2&#8243; _module_preset=&#8221;default&#8221; header_3_font=&#8221;Playfair Display||||||||&#8221; global_colors_info=&#8221;{}&#8221;]<\/p>\n<h3>Brancheekspertise og avanceret teknologi<\/h3>\n<p>[\/et_pb_text][et_pb_text _builder_version=&#8221;4.27.2&#8243; _module_preset=&#8221;default&#8221; text_font=&#8221;Urbanist||||||||&#8221; text_font_size=&#8221;18px&#8221; global_colors_info=&#8221;{}&#8221;]<\/p>\n<p>Med over 20 \u00e5rs erfaring har Korea Ever-Power v\u00e6ret en f\u00f8rende leverand\u00f8r af ISBM-maskiner i Sydkorea og internationalt. Vi bruger den nyeste servodrevne teknologi til at tilbyde maskiner, der er kompatible med de mest popul\u00e6re forme, herunder japanske ASB-forme. Vores maskiner tilbyder uovertruffen pr\u00e6cision, p\u00e5lidelighed og fleksibilitet.<\/p>\n<p>[\/et_pb_text][\/et_pb_column][et_pb_column type=&#8221;1_3&#8243; _builder_version=&#8221;4.27.2&#8243; _module_preset=&#8221;default&#8221; custom_padding=&#8221;20px|20px|20px|20px|true|true&#8221; box_shadow_style=&#8221;preset6&#8243; global_colors_info=&#8221;{}&#8221;][et_pb_text _builder_version=&#8221;4.27.2&#8243; _module_preset=&#8221;default&#8221; header_3_font=&#8221;Playfair Display||||||||&#8221; global_colors_info=&#8221;{}&#8221;]<\/p>\n<h3>Global r\u00e6kkevidde, lokal ekspertise<\/h3>\n<p>[\/et_pb_text][et_pb_text _builder_version=&#8221;4.27.2&#8243; _module_preset=&#8221;default&#8221; text_font=&#8221;Urbanist||||||||&#8221; text_font_size=&#8221;18px&#8221; global_colors_info=&#8221;{}&#8221;]<\/p>\n<p>Vi betjener kunder i forskellige regioner, herunder Sydkorea, Japan, Kina og Syd\u00f8stasien. Vores team tilbyder lokal support og ekspertise for at sikre, at hver kunde modtager skr\u00e6ddersyede l\u00f8sninger til deres emballagebehov.<\/p>\n<p>[\/et_pb_text][\/et_pb_column][et_pb_column type=&#8221;1_3&#8243; _builder_version=&#8221;4.27.2&#8243; _module_preset=&#8221;default&#8221; custom_padding=&#8221;20px|20px|20px|20px|true|true&#8221; box_shadow_style=&#8221;preset6&#8243; global_colors_info=&#8221;{}&#8221;][et_pb_text _builder_version=&#8221;4.27.2&#8243; _module_preset=&#8221;default&#8221; header_3_font=&#8221;Playfair Display||||||||&#8221; global_colors_info=&#8221;{}&#8221;]<\/p>\n<h3>Engagement i b\u00e6redygtighed<\/h3>\n<p>[\/et_pb_text][et_pb_text _builder_version=&#8221;4.27.2&#8243; _module_preset=&#8221;default&#8221; text_font=&#8221;Urbanist||||||||&#8221; text_font_size=&#8221;18px&#8221; global_colors_info=&#8221;{}&#8221;]<\/p>\n<p>Vores maskiner er designet med energieffektivitet i tankerne, hvilket reducerer energiforbruget med op til 40% sammenlignet med traditionelle maskiner. Dette er i tr\u00e5d med vores dedikation til b\u00e6redygtighed og milj\u00f8venlige produktionspraksisser.<\/p>\n<p>[\/et_pb_text][\/et_pb_column][\/et_pb_row][et_pb_row column_structure=&#8221;1_3,1_3,1_3&#8243; _builder_version=&#8221;4.27.2&#8243; _module_preset=&#8221;default&#8221; width=&#8221;100%&#8221; max_width=&#8221;100%&#8221; custom_padding=&#8221;|20px||20px|false|true&#8221; global_colors_info=&#8221;{}&#8221;][et_pb_column type=&#8221;1_3&#8243; _builder_version=&#8221;4.21.0&#8243; _module_preset=&#8221;default&#8221; global_colors_info=&#8221;{}&#8221;][et_pb_image src=&#8221;https:\/\/isbm-blow-molding.com\/wp-content\/uploads\/2026\/02\/One-step-Injection-Stretch-Blowing-Mould-1.webp&#8221; alt=&#8221;One-step Injection Stretch Blowing Mould-1&#8243; title_text=&#8221;One-step Injection Stretch Blowing Mould-1&#8243; align_tablet=&#8221;center&#8221; align_phone=&#8221;center&#8221; align_last_edited=&#8221;on|tablet&#8221; _builder_version=&#8221;4.27.2&#8243; _module_preset=&#8221;default&#8221; box_shadow_style=&#8221;preset6&#8243; global_colors_info=&#8221;{}&#8221;][\/et_pb_image][et_pb_text _builder_version=&#8221;4.27.2&#8243; _module_preset=&#8221;74f7a5ae-33d8-4bfe-92c8-11bb14b04f6d&#8221; header_3_font=&#8221;Playfair Display||||||||&#8221; custom_margin=&#8221;||0px||false|false&#8221; text_orientation_tablet=&#8221;center&#8221; text_orientation_phone=&#8221;center&#8221; text_orientation_last_edited=&#8221;on|tablet&#8221; global_colors_info=&#8221;{}&#8221;]<\/p>\n<h3>Et-trins str\u00e6kbl\u00e6sningsform til injektion<\/h3>\n<p>[\/et_pb_text][\/et_pb_column][et_pb_column type=&#8221;1_3&#8243; _builder_version=&#8221;4.21.0&#8243; _module_preset=&#8221;default&#8221; global_colors_info=&#8221;{}&#8221;][et_pb_image src=&#8221;https:\/\/isbm-blow-molding.com\/wp-content\/uploads\/2026\/02\/ISBM-2.webp&#8221; alt=&#8221;ISBM-2&#8243; title_text=&#8221;ISBM-2&#8243; align_tablet=&#8221;center&#8221; align_phone=&#8221;center&#8221; align_last_edited=&#8221;on|tablet&#8221; _builder_version=&#8221;4.27.2&#8243; _module_preset=&#8221;default&#8221; animation_style=&#8221;flip&#8221; box_shadow_style=&#8221;preset6&#8243; global_colors_info=&#8221;{}&#8221;][\/et_pb_image][et_pb_text _builder_version=&#8221;4.27.2&#8243; _module_preset=&#8221;74f7a5ae-33d8-4bfe-92c8-11bb14b04f6d&#8221; header_3_font=&#8221;Playfair Display||||||||&#8221; custom_margin=&#8221;||0px||false|false&#8221; text_orientation_tablet=&#8221;center&#8221; text_orientation_phone=&#8221;center&#8221; text_orientation_last_edited=&#8221;on|tablet&#8221; global_colors_info=&#8221;{}&#8221;]<\/p>\n<h3>Injektionsstr\u00e6kbl\u00e6sest\u00f8bemaskiner<\/h3>\n<p>[\/et_pb_text][\/et_pb_column][et_pb_column type=&#8221;1_3&#8243; _builder_version=&#8221;4.21.0&#8243; _module_preset=&#8221;default&#8221; global_colors_info=&#8221;{}&#8221;][et_pb_image src=&#8221;https:\/\/isbm-blow-molding.com\/wp-content\/uploads\/2026\/02\/injection-stretch-blow-moulding-for-1.webp&#8221; alt=&#8221;injection-stretch-blow-moulding-for-1&#8243; title_text=&#8221;injection-stretch-blow-moulding-for-1&#8243; align_tablet=&#8221;center&#8221; align_phone=&#8221;center&#8221; align_last_edited=&#8221;on|tablet&#8221; _builder_version=&#8221;4.27.2&#8243; _module_preset=&#8221;default&#8221; animation_style=&#8221;slide&#8221; box_shadow_style=&#8221;preset6&#8243; global_colors_info=&#8221;{}&#8221;][\/et_pb_image][et_pb_text _builder_version=&#8221;4.27.2&#8243; _module_preset=&#8221;74f7a5ae-33d8-4bfe-92c8-11bb14b04f6d&#8221; header_3_font=&#8221;Playfair Display||||||||&#8221; custom_margin=&#8221;||0px||false|false&#8221; text_orientation_tablet=&#8221;center&#8221; text_orientation_phone=&#8221;center&#8221; text_orientation_last_edited=&#8221;on|tablet&#8221; global_colors_info=&#8221;{}&#8221;]<\/p>\n<h3>Plast og milj\u00f8venlige materialer<\/h3>\n<p>[\/et_pb_text][\/et_pb_column][\/et_pb_row][\/et_pb_section]<\/p>","protected":false},"excerpt":{"rendered":"<p>About usLeading the Future of Injection Stretch Blow Moulding TechnologyCore Values Innovation Quality Sustainability Customer Satisfaction Our Mission &#8211; Innovation and Excellence in ISBM TechnologyKorea Ever-Power Injection Stretch Blow Moulding Machine Co., Ltd. is a pioneering company committed to providing high-quality and energy-efficient ISBM (Injection Stretch Blow Moulding) machines. Founded with the goal of revolutionizing [&hellip;]<\/p>","protected":false},"author":1,"featured_media":0,"parent":0,"menu_order":0,"comment_status":"closed","ping_status":"closed","template":"","meta":{"_et_pb_use_builder":"on","_et_pb_old_content":"","_et_gb_content_width":"","footnotes":""},"class_list":["post-261","page","type-page","status-publish","hentry"],"_links":{"self":[{"href":"https:\/\/isbm-blow-molding.com\/da\/wp-json\/wp\/v2\/pages\/261","targetHints":{"allow":["GET"]}}],"collection":[{"href":"https:\/\/isbm-blow-molding.com\/da\/wp-json\/wp\/v2\/pages"}],"about":[{"href":"https:\/\/isbm-blow-molding.com\/da\/wp-json\/wp\/v2\/types\/page"}],"author":[{"embeddable":true,"href":"https:\/\/isbm-blow-molding.com\/da\/wp-json\/wp\/v2\/users\/1"}],"replies":[{"embeddable":true,"href":"https:\/\/isbm-blow-molding.com\/da\/wp-json\/wp\/v2\/comments?post=261"}],"version-history":[{"count":14,"href":"https:\/\/isbm-blow-molding.com\/da\/wp-json\/wp\/v2\/pages\/261\/revisions"}],"predecessor-version":[{"id":638,"href":"https:\/\/isbm-blow-molding.com\/da\/wp-json\/wp\/v2\/pages\/261\/revisions\/638"}],"wp:attachment":[{"href":"https:\/\/isbm-blow-molding.com\/da\/wp-json\/wp\/v2\/media?parent=261"}],"curies":[{"name":"wp","href":"https:\/\/api.w.org\/{rel}","templated":true}]}}