{"id":8,"date":"2026-02-06T09:04:23","date_gmt":"2026-02-06T09:04:23","guid":{"rendered":"https:\/\/isbm-blow-molding.com\/cart\/"},"modified":"2026-02-06T09:06:09","modified_gmt":"2026-02-06T09:06:09","slug":"cart","status":"publish","type":"page","link":"https:\/\/isbm-blow-molding.com\/bs\/cart\/","title":{"rendered":"Ko\u0161arica"},"content":{"rendered":"<div data-block-name=\"woocommerce\/cart\" class=\"wp-block-woocommerce-cart alignwide is-loading\">\n<div data-block-name=\"woocommerce\/filled-cart-block\" class=\"wp-block-woocommerce-filled-cart-block\">\n<div data-block-name=\"woocommerce\/cart-items-block\" class=\"wp-block-woocommerce-cart-items-block\">\n<div data-block-name=\"woocommerce\/cart-line-items-block\" class=\"wp-block-woocommerce-cart-line-items-block\"><\/div>\n\n\n<\/div>\n\n\n\n\n<div data-block-name=\"woocommerce\/cart-totals-block\" class=\"wp-block-woocommerce-cart-totals-block\">\n<div data-block-name=\"woocommerce\/cart-order-summary-block\" class=\"wp-block-woocommerce-cart-order-summary-block\">\n<div data-block-name=\"woocommerce\/cart-order-summary-heading-block\" class=\"wp-block-woocommerce-cart-order-summary-heading-block\"><\/div><div data-block-name=\"woocommerce\/cart-order-summary-coupon-form-block\" class=\"wp-block-woocommerce-cart-order-summary-coupon-form-block\"><\/div><div data-block-name=\"woocommerce\/cart-order-summary-totals-block\" class=\"wp-block-woocommerce-cart-order-summary-totals-block\">\n<div data-block-name=\"woocommerce\/cart-order-summary-subtotal-block\" class=\"wp-block-woocommerce-cart-order-summary-subtotal-block\"><\/div>\n<div data-block-name=\"woocommerce\/cart-order-summary-discount-block\" class=\"wp-block-woocommerce-cart-order-summary-discount-block\"><\/div>\n<div data-block-name=\"woocommerce\/cart-order-summary-fee-block\" class=\"wp-block-woocommerce-cart-order-summary-fee-block\"><\/div>\n<div data-block-name=\"woocommerce\/cart-order-summary-shipping-block\" class=\"wp-block-woocommerce-cart-order-summary-shipping-block\"><\/div>\n<div data-block-name=\"woocommerce\/cart-order-summary-taxes-block\" class=\"wp-block-woocommerce-cart-order-summary-taxes-block\"><\/div><\/div>\n<\/div>\n\n\n\n<div data-block-name=\"woocommerce\/cart-express-payment-block\" class=\"wp-block-woocommerce-cart-express-payment-block\"><\/div>\n\n\n\n<div data-block-name=\"woocommerce\/proceed-to-checkout-block\" class=\"wp-block-woocommerce-proceed-to-checkout-block\"><\/div>\n\n\n\n<div data-block-name=\"woocommerce\/cart-accepted-payment-methods-block\" class=\"wp-block-woocommerce-cart-accepted-payment-methods-block\"><\/div>\n<\/div>\n<\/div>\n\n\n\n<div data-block-name=\"woocommerce\/empty-cart-block\" class=\"wp-block-woocommerce-empty-cart-block\">\n<h2 class=\"wp-block-heading has-text-align-center with-empty-cart-icon wc-block-cart__empty-cart__title\">Va\u0161a korpa je trenutno prazna!<\/h2>\n\n\n\n<hr class=\"wp-block-separator has-alpha-channel-opacity is-style-dots\"\/>\n\n\n\n<h2 class=\"wp-block-heading has-text-align-center\">Novo u prodavnici<\/h2>\n\n\n<div data-block-name=\"woocommerce\/product-new\" data-columns=\"4\" data-rows=\"1\" class=\"wc-block-grid wp-block-product-new wp-block-woocommerce-product-new wc-block-product-new has-4-columns\"><ul class=\"wc-block-grid__products\"><li class=\"wc-block-grid__product\">\n\t\t\t\t<a href=\"https:\/\/isbm-blow-molding.com\/bs\/product\/mold-core-component-eject-core-fixing-plate-for-asb-12m-15ml-1x6-cavity\/\" class=\"wc-block-grid__product-link\">\n\t\t\t\t\t\n\t\t\t\t\t<div class=\"wc-block-grid__product-image\"><img loading=\"lazy\" decoding=\"async\" width=\"300\" height=\"300\" src=\"https:\/\/isbm-blow-molding.com\/wp-content\/uploads\/2026\/04\/Mold-Core-Component_-Eject-Core-Fixing-Plate-for-ASB-12M-15ml-1\u00d76-Cavity-1-300x300.webp\" class=\"attachment-woocommerce_thumbnail size-woocommerce_thumbnail\" alt=\"Mold Core Component_ Eject Core Fixing Plate for ASB-12M 15ml 1\u00d76 Cavity 1\" srcset=\"https:\/\/isbm-blow-molding.com\/wp-content\/uploads\/2026\/04\/Mold-Core-Component_-Eject-Core-Fixing-Plate-for-ASB-12M-15ml-1\u00d76-Cavity-1-300x300.webp 300w, https:\/\/isbm-blow-molding.com\/wp-content\/uploads\/2026\/04\/Mold-Core-Component_-Eject-Core-Fixing-Plate-for-ASB-12M-15ml-1\u00d76-Cavity-1-150x150.webp 150w, https:\/\/isbm-blow-molding.com\/wp-content\/uploads\/2026\/04\/Mold-Core-Component_-Eject-Core-Fixing-Plate-for-ASB-12M-15ml-1\u00d76-Cavity-1-12x12.webp 12w, https:\/\/isbm-blow-molding.com\/wp-content\/uploads\/2026\/04\/Mold-Core-Component_-Eject-Core-Fixing-Plate-for-ASB-12M-15ml-1\u00d76-Cavity-1-480x480.webp 480w, https:\/\/isbm-blow-molding.com\/wp-content\/uploads\/2026\/04\/Mold-Core-Component_-Eject-Core-Fixing-Plate-for-ASB-12M-15ml-1\u00d76-Cavity-1-100x100.webp 100w, https:\/\/isbm-blow-molding.com\/wp-content\/uploads\/2026\/04\/Mold-Core-Component_-Eject-Core-Fixing-Plate-for-ASB-12M-15ml-1\u00d76-Cavity-1.webp 600w\" sizes=\"auto, (max-width: 300px) 100vw, 300px\" \/><\/div>\n\t\t\t\t\t<div class=\"wc-block-grid__product-title\">Komponenta jezgre kalupa | Plo\u010da za fiksiranje izbacivanja jezgre za ASB-12M 15ml 1\u00d76 \u0161upljina<\/div>\n\t\t\t\t<\/a>\n\t\t\t\t<div class=\"wc-block-grid__product-price price\"><\/div>\n\t\t\t\t\n\t\t\t\t<div class=\"wp-block-button wc-block-grid__product-add-to-cart\"><a href=\"https:\/\/isbm-blow-molding.com\/bs\/product\/mold-core-component-eject-core-fixing-plate-for-asb-12m-15ml-1x6-cavity\/\" aria-label=\"Pro\u010ditaj vi\u0161e o \u201cMold Core Component| Eject Core Fixing Plate for ASB-12M 15ml 1\u00d76 Cavity\u201d\" data-quantity=\"1\" data-product_id=\"507\" data-product_sku=\"\" data-price=\"0\" rel=\"nofollow\" class=\"wp-block-button__link  add_to_cart_button\" data-no-translation=\"\" data-trp-gettext=\"\" data-no-translation-aria-label=\"\">Pro\u010ditaj vi\u0161e<\/a><\/div>\n\t\t\t<\/li><li class=\"wc-block-grid__product\">\n\t\t\t\t<a href=\"https:\/\/isbm-blow-molding.com\/bs\/product\/direct-replacement-15ml-core-mold-for-asb-12m-1x6-cavity\/\" class=\"wc-block-grid__product-link\">\n\t\t\t\t\t\n\t\t\t\t\t<div class=\"wc-block-grid__product-image\"><img loading=\"lazy\" decoding=\"async\" width=\"300\" height=\"300\" src=\"https:\/\/isbm-blow-molding.com\/wp-content\/uploads\/2026\/04\/15ml-ISBM-Mold-Assembly-1-300x300.webp\" class=\"attachment-woocommerce_thumbnail size-woocommerce_thumbnail\" alt=\"15ml ISBM kalup za sklapanje 1\" \/><\/div>\n\t\t\t\t\t<div class=\"wc-block-grid__product-title\">Direktna zamjenska jezgra od 15 ml za ASB-12M (1\u00d76 \u0161upljina)<\/div>\n\t\t\t\t<\/a>\n\t\t\t\t<div class=\"wc-block-grid__product-price price\"><\/div>\n\t\t\t\t\n\t\t\t\t<div class=\"wp-block-button wc-block-grid__product-add-to-cart\"><a href=\"https:\/\/isbm-blow-molding.com\/bs\/product\/direct-replacement-15ml-core-mold-for-asb-12m-1x6-cavity\/\" aria-label=\"Pro\u010ditaj vi\u0161e o \u201cDirect Replacement 15ml Core Mold for ASB-12M (1\u00d76 Cavity)\u201d\" data-quantity=\"1\" data-product_id=\"493\" data-product_sku=\"\" data-price=\"0\" rel=\"nofollow\" class=\"wp-block-button__link  add_to_cart_button\" data-no-translation=\"\" data-trp-gettext=\"\" data-no-translation-aria-label=\"\">Pro\u010ditaj vi\u0161e<\/a><\/div>\n\t\t\t<\/li><li class=\"wc-block-grid__product\">\n\t\t\t\t<a href=\"https:\/\/isbm-blow-molding.com\/bs\/product\/150ml-isbm-mold-assembly-for-asb-12m-1x12-cavity\/\" class=\"wc-block-grid__product-link\">\n\t\t\t\t\t\n\t\t\t\t\t<div class=\"wc-block-grid__product-image\"><img loading=\"lazy\" decoding=\"async\" width=\"300\" height=\"300\" src=\"https:\/\/isbm-blow-molding.com\/wp-content\/uploads\/2026\/04\/150ml-ISBM-Mold-Assembly-1-300x300.webp\" class=\"attachment-woocommerce_thumbnail size-woocommerce_thumbnail\" alt=\"150ml ISBM Mold Assembly 1\" \/><\/div>\n\t\t\t\t\t<div class=\"wc-block-grid__product-title\">150ml ISBM Mold Assembly for ASB-12M (1\u00d712 Cavity)<\/div>\n\t\t\t\t<\/a>\n\t\t\t\t<div class=\"wc-block-grid__product-price price\"><\/div>\n\t\t\t\t\n\t\t\t\t<div class=\"wp-block-button wc-block-grid__product-add-to-cart\"><a href=\"https:\/\/isbm-blow-molding.com\/bs\/product\/150ml-isbm-mold-assembly-for-asb-12m-1x12-cavity\/\" aria-label=\"Pro\u010ditaj vi\u0161e o \u201c150ml ISBM Mold Assembly for ASB-12M (1\u00d712 Cavity)\u201d\" data-quantity=\"1\" data-product_id=\"488\" data-product_sku=\"\" data-price=\"0\" rel=\"nofollow\" class=\"wp-block-button__link  add_to_cart_button\" data-no-translation=\"\" data-trp-gettext=\"\" data-no-translation-aria-label=\"\">Pro\u010ditaj vi\u0161e<\/a><\/div>\n\t\t\t<\/li><li class=\"wc-block-grid__product\">\n\t\t\t\t<a href=\"https:\/\/isbm-blow-molding.com\/bs\/product\/custom-one-step-injection-stretch-blow-moulds-isbm\/\" class=\"wc-block-grid__product-link\">\n\t\t\t\t\t\n\t\t\t\t\t<div class=\"wc-block-grid__product-image\"><img loading=\"lazy\" decoding=\"async\" width=\"300\" height=\"300\" src=\"https:\/\/isbm-blow-molding.com\/wp-content\/uploads\/2026\/04\/Mold-for-Injection-Stretch-Blow-Moulding-1-300x300.webp\" class=\"attachment-woocommerce_thumbnail size-woocommerce_thumbnail\" alt=\"Kalup za brizganje i rastezanje duvanjem 1\" \/><\/div>\n\t\t\t\t\t<div class=\"wc-block-grid__product-title\">Custom One-Step Injection Stretch Blow Moulds (ISBM)<\/div>\n\t\t\t\t<\/a>\n\t\t\t\t<div class=\"wc-block-grid__product-price price\"><\/div>\n\t\t\t\t\n\t\t\t\t<div class=\"wp-block-button wc-block-grid__product-add-to-cart\"><a href=\"https:\/\/isbm-blow-molding.com\/bs\/product\/custom-one-step-injection-stretch-blow-moulds-isbm\/\" aria-label=\"Pro\u010ditaj vi\u0161e o \u201cCustom One-Step Injection Stretch Blow Moulds (ISBM)\u201d\" data-quantity=\"1\" data-product_id=\"448\" data-product_sku=\"\" data-price=\"0\" rel=\"nofollow\" class=\"wp-block-button__link  add_to_cart_button\" data-no-translation=\"\" data-trp-gettext=\"\" data-no-translation-aria-label=\"\">Pro\u010ditaj vi\u0161e<\/a><\/div>\n\t\t\t<\/li><\/ul><\/div><\/div>\n<\/div>","protected":false},"excerpt":{"rendered":"","protected":false},"author":1,"featured_media":0,"parent":0,"menu_order":0,"comment_status":"closed","ping_status":"closed","template":"","meta":{"_et_pb_use_builder":"","_et_pb_old_content":"","_et_gb_content_width":"","footnotes":""},"class_list":["post-8","page","type-page","status-publish","hentry"],"_links":{"self":[{"href":"https:\/\/isbm-blow-molding.com\/bs\/wp-json\/wp\/v2\/pages\/8","targetHints":{"allow":["GET"]}}],"collection":[{"href":"https:\/\/isbm-blow-molding.com\/bs\/wp-json\/wp\/v2\/pages"}],"about":[{"href":"https:\/\/isbm-blow-molding.com\/bs\/wp-json\/wp\/v2\/types\/page"}],"author":[{"embeddable":true,"href":"https:\/\/isbm-blow-molding.com\/bs\/wp-json\/wp\/v2\/users\/1"}],"replies":[{"embeddable":true,"href":"https:\/\/isbm-blow-molding.com\/bs\/wp-json\/wp\/v2\/comments?post=8"}],"version-history":[{"count":1,"href":"https:\/\/isbm-blow-molding.com\/bs\/wp-json\/wp\/v2\/pages\/8\/revisions"}],"predecessor-version":[{"id":12,"href":"https:\/\/isbm-blow-molding.com\/bs\/wp-json\/wp\/v2\/pages\/8\/revisions\/12"}],"wp:attachment":[{"href":"https:\/\/isbm-blow-molding.com\/bs\/wp-json\/wp\/v2\/media?parent=8"}],"curies":[{"name":"wp","href":"https:\/\/api.w.org\/{rel}","templated":true}]}}